{"id":2,"date":"2006-02-05T13:46:22","date_gmt":"2006-02-05T12:46:22","guid":{"rendered":""},"modified":"2018-04-04T10:48:11","modified_gmt":"2018-04-04T08:48:11","slug":"about-us","status":"publish","type":"page","link":"https:\/\/www.roumazeilles.net\/news\/fr\/wordpress\/about-us\/","title":{"rendered":"Qui suis-je ?"},"content":{"rendered":"<div class=\"left35_box\">\n<h2>Qui suis-je ?<\/h2>\n<ul>\n<li><a href=\"#site\">Le site web<\/a><\/li>\n<li><a href=\"#author\">L&rsquo;auteur<\/a><\/li>\n<li><a href=\"#finance\">Financement<\/a><\/li>\n<li><a href=\"\/contact\/\">Contacter Yves<\/a><\/li>\n<\/ul>\n<\/div>\n<h2><a name=\"site\"><\/a>Le site web<\/h2>\n<p><a href=\"https:\/\/www.roumazeilles.net\/\">Roumazeilles.net<\/a> est un site Internet d&rsquo;information \u00e0 propos des technologies de l&rsquo;information et de la photographie num\u00e9rique. Il est \u00e9crit d&rsquo;un point de vue clairement europ\u00e9en, m\u00eame si cela ne devrait pas inqui\u00e9ter les autres francophones amateurs de ces technologies qui d\u00e9passent largement les fronti\u00e8res.<\/p>\n<p>Il est \u00e9crit en anglais et en fran\u00e7ais. La plupart des articles sont pr\u00e9sent dans les deux langues. Mais certains sont tellement marqu\u00e9s par un pays ou une langue que la traduction n&rsquo;en a m\u00eame pas \u00e9t\u00e9 tent\u00e9e.<\/p>\n<p><img decoding=\"async\" src=\"https:\/\/www.roumazeilles.net\/news\/fr\/wordpress\/wp-content\/uploads\/yr.jpg\" alt=\"Yves Roumazeilles\" align=\"right\" \/><\/p>\n<h2><a name=\"author\"><\/a>L&rsquo;auteur<\/h2>\n<p>Il a \u00e9t\u00e9 cr\u00e9\u00e9 par Yves Roumazeilles, un internaute de formation d&rsquo;ing\u00e9nieur en \u00e9lectronique et en informatique, qui a souhait\u00e9 faire partager ses int\u00e9r\u00eats et ses connaissances dans ces domaines et quelques autres. La ligne \u00e9ditoriale reste souple pour permettre des digressions qui pouraient faire ailleurs l&rsquo;objet d&rsquo;un blog. Yves Roumazeilles est l&rsquo;auteur de la grande majorit\u00e9 des articles qui paraissent sur <a href=\"https:\/\/www.roumazeilles.net\/\">Roumazeilles.net<\/a>, mais la participation d&rsquo;autres auteurs est accept\u00e9e \u00e9galement.<\/p>\n<p><a href=\"http:\/\/www.linkedin.com\/pub\/0\/743\/29\">La page d&rsquo;Yves Roumazeilles sur LinkedIn.com<\/a>.<\/p>\n<h2><a name=\"finance\"><\/a>Financement<\/h2>\n<p><a href=\"https:\/\/www.roumazeilles.net\/\">Roumazeilles.net<\/a> n&rsquo;est pas \u00e0 proprement parler une op\u00e9ration commerciale, mais son financement est assur\u00e9 par la publicit\u00e9 pr\u00e9sente sur ses pages et la vente de certains objets comme des tirages photographiques, des posters ou des calendriers. Yves Roumazeilles a un emploi r\u00e9mun\u00e9r\u00e9 dans l&rsquo;industrie automobile en France et utilise une partie de son temps libre pour renseigner le site <a href=\"https:\/\/www.roumazeilles.net\/\">Roumazeilles.net<\/a> ainsi que quelques autres.<\/p>\n","protected":false},"excerpt":{"rendered":"<p>Qui suis-je ? Le site web L&rsquo;auteur Financement Contacter Yves Le site web Roumazeilles.net est un site Internet d&rsquo;information \u00e0 propos des technologies de l&rsquo;information et de la photographie num\u00e9rique. Il est \u00e9crit d&rsquo;un point de vue clairement europ\u00e9en, m\u00eame si cela ne devrait pas inqui\u00e9ter les autres francophones amateurs de ces technologies qui d\u00e9passent [&hellip;]<\/p>\n","protected":false},"author":1,"featured_media":1518,"parent":0,"menu_order":0,"comment_status":"open","ping_status":"open","template":"","meta":{"footnotes":""},"class_list":["post-2","page","type-page","status-publish","has-post-thumbnail","hentry"],"_links":{"self":[{"href":"https:\/\/www.roumazeilles.net\/news\/fr\/wordpress\/wp-json\/wp\/v2\/pages\/2","targetHints":{"allow":["GET"]}}],"collection":[{"href":"https:\/\/www.roumazeilles.net\/news\/fr\/wordpress\/wp-json\/wp\/v2\/pages"}],"about":[{"href":"https:\/\/www.roumazeilles.net\/news\/fr\/wordpress\/wp-json\/wp\/v2\/types\/page"}],"author":[{"embeddable":true,"href":"https:\/\/www.roumazeilles.net\/news\/fr\/wordpress\/wp-json\/wp\/v2\/users\/1"}],"replies":[{"embeddable":true,"href":"https:\/\/www.roumazeilles.net\/news\/fr\/wordpress\/wp-json\/wp\/v2\/comments?post=2"}],"version-history":[{"count":0,"href":"https:\/\/www.roumazeilles.net\/news\/fr\/wordpress\/wp-json\/wp\/v2\/pages\/2\/revisions"}],"wp:featuredmedia":[{"embeddable":true,"href":"https:\/\/www.roumazeilles.net\/news\/fr\/wordpress\/wp-json\/wp\/v2\/media\/1518"}],"wp:attachment":[{"href":"https:\/\/www.roumazeilles.net\/news\/fr\/wordpress\/wp-json\/wp\/v2\/media?parent=2"}],"curies":[{"name":"wp","href":"https:\/\/api.w.org\/{rel}","templated":true}]}}