{"id":767,"date":"2007-01-18T11:13:22","date_gmt":"2007-01-18T10:13:22","guid":{"rendered":"http:\/\/www.roumazeilles.net\/news\/fr\/wordpress\/copyright\/"},"modified":"2025-01-09T22:22:54","modified_gmt":"2025-01-09T20:22:54","slug":"copyright","status":"publish","type":"page","link":"https:\/\/www.roumazeilles.net\/news\/fr\/wordpress\/copyright\/","title":{"rendered":"Copyright"},"content":{"rendered":"\n<p>L&rsquo;ensemble du site web Roumazeilles.net (y compris textes et illustrations) est la propri\u00e9t\u00e9 de Yves Roumazeilles. La r\u00e9alisation du site web est prot\u00e9g\u00e9e par <em>Copyright \u00a9 1999-2025 &#8211; Yves Roumazeilles (tous droits r\u00e9serv\u00e9s)<\/em>.<\/p>\n\n\n\n<p>Pour toute reproduction totale ou partielle, veuillez vous adresser \u00e0 <a href=\"\/contact.php\">Yves Roumazeilles<\/a>.<\/p>\n\n\n\n<p>Le design graphique et la conception technique \u00e0 l&rsquo;origine de ce site ont \u00e9t\u00e9 r\u00e9alis\u00e9s par <a href=\"\/contact.php\">Yves Roumazeilles<\/a>.<\/p>\n\n\n\n<p>Les droits d\u00e9crits ici s&rsquo;\u00e9tendent aux diff\u00e9rentes versions linguistiques du site Roumazeilles.net (y compris <a href=\"\/fr\/\">fran\u00e7aise<\/a> et <a href=\"\/en\/\">anglaise<\/a>).<\/p>\n","protected":false},"excerpt":{"rendered":"<p>L&rsquo;ensemble du site web Roumazeilles.net (y compris textes et illustrations) est la propri\u00e9t\u00e9 de Yves Roumazeilles. La r\u00e9alisation du site web est prot\u00e9g\u00e9e par Copyright \u00a9 1999-2025 &#8211; Yves Roumazeilles (tous droits r\u00e9serv\u00e9s). Pour toute reproduction totale ou partielle, veuillez vous adresser \u00e0 Yves Roumazeilles. Le design graphique et la conception technique \u00e0 l&rsquo;origine de [&hellip;]<\/p>\n","protected":false},"author":1,"featured_media":7793,"parent":0,"menu_order":0,"comment_status":"open","ping_status":"open","template":"","meta":{"footnotes":""},"class_list":["post-767","page","type-page","status-publish","has-post-thumbnail","hentry"],"_links":{"self":[{"href":"https:\/\/www.roumazeilles.net\/news\/fr\/wordpress\/wp-json\/wp\/v2\/pages\/767","targetHints":{"allow":["GET"]}}],"collection":[{"href":"https:\/\/www.roumazeilles.net\/news\/fr\/wordpress\/wp-json\/wp\/v2\/pages"}],"about":[{"href":"https:\/\/www.roumazeilles.net\/news\/fr\/wordpress\/wp-json\/wp\/v2\/types\/page"}],"author":[{"embeddable":true,"href":"https:\/\/www.roumazeilles.net\/news\/fr\/wordpress\/wp-json\/wp\/v2\/users\/1"}],"replies":[{"embeddable":true,"href":"https:\/\/www.roumazeilles.net\/news\/fr\/wordpress\/wp-json\/wp\/v2\/comments?post=767"}],"version-history":[{"count":2,"href":"https:\/\/www.roumazeilles.net\/news\/fr\/wordpress\/wp-json\/wp\/v2\/pages\/767\/revisions"}],"predecessor-version":[{"id":11546,"href":"https:\/\/www.roumazeilles.net\/news\/fr\/wordpress\/wp-json\/wp\/v2\/pages\/767\/revisions\/11546"}],"wp:featuredmedia":[{"embeddable":true,"href":"https:\/\/www.roumazeilles.net\/news\/fr\/wordpress\/wp-json\/wp\/v2\/media\/7793"}],"wp:attachment":[{"href":"https:\/\/www.roumazeilles.net\/news\/fr\/wordpress\/wp-json\/wp\/v2\/media?parent=767"}],"curies":[{"name":"wp","href":"https:\/\/api.w.org\/{rel}","templated":true}]}}