{"id":9181,"date":"2016-10-05T16:27:14","date_gmt":"2016-10-05T14:27:14","guid":{"rendered":"http:\/\/www.roumazeilles.net\/news\/fr\/wordpress\/?page_id=9181"},"modified":"2020-11-26T00:08:51","modified_gmt":"2020-11-25T22:08:51","slug":"boutique","status":"publish","type":"page","link":"https:\/\/www.roumazeilles.net\/news\/fr\/wordpress\/boutique\/","title":{"rendered":"Les petites boutiques : Tout est \u00e0 vendre !"},"content":{"rendered":"\n<p>A tout moment, vous pouvez vous pr\u00e9cipiter dans les boutiques du site Roumazeilles.net. Vous y trouverez quantit\u00e9s d&rsquo;objets d&rsquo;int\u00e9r\u00eat.<\/p>\n\n\n\n<h3 class=\"wp-block-heading\">Tirages photographiques et cartes de v\u0153ux ; coque de smartphone ou housse de couette<\/h3>\n\n\n\n<p>Si vous avez aim\u00e9 certaines de mes photographies, vous pouvez maintenant acheter les produits qui en sont d\u00e9riv\u00e9s dans la boutique que j&rsquo;ai ouverte sur RedBubble. Toutes mes photos ne sont pas toujours disponibles (vous pouvez facilement me r\u00e9clamer ce qui manque), mais vous pourrez aussi y trouver des produits plus exceptionnels comme des calendriers richement illustr\u00e9s.<\/p>\n\n\n\n<figure class=\"wp-block-image\"><a href=\"http:\/\/www.redbubble.com\/people\/roumazeilles\"><img decoding=\"async\" src=\"http:\/\/www.redbubble.com\/people\/roumazeilles\/recipe:banner\/roumazeilles_banner.jpg\" alt=\"Buy my art\"\/><\/a><\/figure>\n\n\n\n<h3 class=\"wp-block-heading\">Tasses \u00e0 caf\u00e9, T-shirts, etc.<\/h3>\n\n\n\n<p>J&rsquo;ai cr\u00e9\u00e9 quelques objets dont le design est directement inspir\u00e9 de celui de mon site wen. Essentiellement, cela s&rsquo;adresse aux vrais fans de Roumazeilles.net.<\/p>\n\n\n\n<figure class=\"wp-block-image\"><img decoding=\"async\" src=\"https:\/\/www.roumazeilles.net\/images\/2008\/mug1.png\" alt=\"\"\/><\/figure>\n\n\n\n<figure class=\"wp-block-image\"><img decoding=\"async\" src=\"https:\/\/www.roumazeilles.net\/images\/2008\/tshirt1.png\" alt=\"\"\/><\/figure>\n\n\n\n<p><a title=\"Tasses, T-shirts\" href=\"http:\/\/www.cafepress.com\/roumazeilles\">&nbsp;<\/a><\/p>\n\n\n\n<h3 class=\"wp-block-heading\">Livres<\/h3>\n\n\n\n<p>J&rsquo;ai aussi \u00e9crit <a href=\"http:\/\/www.lulu.com\/shop\/search.ep?contributorId=407883\">plusieurs livres \u00e9lectroniques (ou pas) qui sont maintenant disponibles en ligne<\/a>.<\/p>\n\n\n\n<div class=\"wp-block-image\"><figure class=\"aligncenter\"><img loading=\"lazy\" decoding=\"async\" width=\"226\" height=\"320\" src=\"https:\/\/www.roumazeilles.net\/news\/fr\/wordpress\/wp-content\/uploads\/2019\/05\/Glossaire-auto-thumb.jpg\" alt=\"\" class=\"wp-image-9934\" srcset=\"https:\/\/www.roumazeilles.net\/news\/fr\/wordpress\/wp-content\/uploads\/2019\/05\/Glossaire-auto-thumb.jpg 226w, https:\/\/www.roumazeilles.net\/news\/fr\/wordpress\/wp-content\/uploads\/2019\/05\/Glossaire-auto-thumb-212x300.jpg 212w, https:\/\/www.roumazeilles.net\/news\/fr\/wordpress\/wp-content\/uploads\/2019\/05\/Glossaire-auto-thumb-106x150.jpg 106w\" sizes=\"auto, (max-width: 226px) 100vw, 226px\" \/><figcaption> <a href=\"http:\/\/www.lulu.com\/content\/2687505\">Glossaire Qualit\u00e9 Automobile<\/a> (au service de l&rsquo;ing\u00e9nieur qualit\u00e9 dans le domaine de l&rsquo;industrie automobile).<\/figcaption><\/figure><\/div>\n","protected":false},"excerpt":{"rendered":"<p>A tout moment, vous pouvez vous pr\u00e9cipiter dans les boutiques du site Roumazeilles.net. Vous y trouverez quantit\u00e9s d&rsquo;objets d&rsquo;int\u00e9r\u00eat. Tirages photographiques et cartes de v\u0153ux ; coque de smartphone ou housse de couette Si vous avez aim\u00e9 certaines de mes photographies, vous pouvez maintenant acheter les produits qui en sont d\u00e9riv\u00e9s dans la boutique que [&hellip;]<\/p>\n","protected":false},"author":1,"featured_media":9183,"parent":0,"menu_order":0,"comment_status":"closed","ping_status":"closed","template":"","meta":{"footnotes":""},"class_list":["post-9181","page","type-page","status-publish","has-post-thumbnail","hentry"],"_links":{"self":[{"href":"https:\/\/www.roumazeilles.net\/news\/fr\/wordpress\/wp-json\/wp\/v2\/pages\/9181","targetHints":{"allow":["GET"]}}],"collection":[{"href":"https:\/\/www.roumazeilles.net\/news\/fr\/wordpress\/wp-json\/wp\/v2\/pages"}],"about":[{"href":"https:\/\/www.roumazeilles.net\/news\/fr\/wordpress\/wp-json\/wp\/v2\/types\/page"}],"author":[{"embeddable":true,"href":"https:\/\/www.roumazeilles.net\/news\/fr\/wordpress\/wp-json\/wp\/v2\/users\/1"}],"replies":[{"embeddable":true,"href":"https:\/\/www.roumazeilles.net\/news\/fr\/wordpress\/wp-json\/wp\/v2\/comments?post=9181"}],"version-history":[{"count":0,"href":"https:\/\/www.roumazeilles.net\/news\/fr\/wordpress\/wp-json\/wp\/v2\/pages\/9181\/revisions"}],"wp:featuredmedia":[{"embeddable":true,"href":"https:\/\/www.roumazeilles.net\/news\/fr\/wordpress\/wp-json\/wp\/v2\/media\/9183"}],"wp:attachment":[{"href":"https:\/\/www.roumazeilles.net\/news\/fr\/wordpress\/wp-json\/wp\/v2\/media?parent=9181"}],"curies":[{"name":"wp","href":"https:\/\/api.w.org\/{rel}","templated":true}]}}